{"id":206,"date":"2020-10-05T19:04:40","date_gmt":"2020-10-05T17:04:40","guid":{"rendered":"https:\/\/aparthotel-badsoden.de\/?page_id=206"},"modified":"2020-10-05T19:04:40","modified_gmt":"2020-10-05T17:04:40","slug":"boardinghouse-in-the-rhein-main-area","status":"publish","type":"page","link":"https:\/\/aparthotel-badsoden.de\/en\/boardinghouse-in-the-rhein-main-area\/","title":{"rendered":"Boardinghouse in the Rhein-Main area"},"content":{"rendered":"<section class=\"l-section wpb_row startseite height_huge color_primary with_slider\"><div class=\"l-section-slider\"><div class=\"w-slider style_none fit_cover nav_none count_2\"><div class=\"w-slider-h\" aria-hidden=\"true\"><div class=\"royalSlider\"><div class=\"rsContent\"><a class=\"rsImg\" data-rsw=\"1280\" data-rsh=\"853\" href=\"https:\/\/aparthotel-badsoden.de\/wp-content\/uploads\/2020\/10\/boarding-house.jpg\"><span data-alt=\"Apartment\"><\/span><\/a><\/div><div class=\"rsContent\"><a class=\"rsImg\" data-rsw=\"1280\" data-rsh=\"853\" href=\"https:\/\/aparthotel-badsoden.de\/wp-content\/uploads\/2020\/10\/kueche.jpg\"><span data-alt=\"K\u00fcche\"><\/span><\/a><\/div><\/div><img decoding=\"async\" src=\"https:\/\/aparthotel-badsoden.de\/wp-content\/uploads\/2020\/10\/boarding-house.jpg\" width=\"1280\" height=\"853\" alt=\"Apartment\" loading=\"lazy\"><\/div><div class=\"w-slider-json\" onclick='return {&quot;autoScaleSlider&quot;:true,&quot;addActiveClass&quot;:true,&quot;loop&quot;:true,&quot;fadeInLoadedSlide&quot;:false,&quot;slidesSpacing&quot;:0,&quot;imageScalePadding&quot;:0,&quot;numImagesToPreload&quot;:2,&quot;arrowsNav&quot;:false,&quot;arrowsNavAutoHide&quot;:false,&quot;transitionType&quot;:&quot;fade&quot;,&quot;transitionSpeed&quot;:1000,&quot;block&quot;:{&quot;moveEffect&quot;:&quot;none&quot;,&quot;speed&quot;:300},&quot;thumbs&quot;:{&quot;fitInViewport&quot;:false,&quot;firstMargin&quot;:false,&quot;spacing&quot;:4},&quot;controlNavigation&quot;:&quot;none&quot;,&quot;autoplay&quot;:{&quot;enabled&quot;:true,&quot;pauseOnHover&quot;:false,&quot;delay&quot;:3000},&quot;autoScaleSliderWidth&quot;:1280,&quot;autoScaleSliderHeight&quot;:853}'><\/div><\/div><\/div><div class=\"l-section-h i-cf\"><div class=\"g-cols vc_row via_flex valign_top type_default stacking_default\"><div class=\"vc_col-sm-6 wpb_column vc_column_container\"><div class=\"vc_column-inner\"><div class=\"wpb_wrapper\"><div class=\"w-separator size_huge\"><\/div><div class=\"wpb_text_column\"><div class=\"wpb_wrapper\"><h1>On the way<\/h1>\n<h3>And still at home<\/h3>\n<\/div><\/div><div class=\"w-separator size_huge\"><\/div><\/div><\/div><\/div><div class=\"vc_col-sm-6 wpb_column vc_column_container\"><div class=\"vc_column-inner\"><div class=\"wpb_wrapper\"><\/div><\/div><\/div><\/div><\/div><\/section><section class=\"l-section wpb_row height_medium\"><div class=\"l-section-h i-cf\"><div class=\"g-cols vc_row via_flex valign_top type_default stacking_default\"><div class=\"vc_col-sm-12 wpb_column vc_column_container\"><div class=\"vc_column-inner\"><div class=\"wpb_wrapper\"><div class=\"wpb_text_column\"><div class=\"wpb_wrapper\"><h2>We have thought of everything<\/h2>\n<p>That means everything that is needed for a longer planned stay in a boarding house in the Main-Taunus-Kreis\/Rhein-Main area. W-LAN access in every room, studio or apartment is a matter of course and there is of course free parking for every room in the hotel\/boardinghouse. A rich breakfast, which leaves nothing to be desired, is available daily from 6.00 a.m. Our launderette with washing machines, drying and ironing facilities complete the amenities. Feel at home in our &#8220;temple of living&#8221;.<\/p>\n<p>If letters, parcels and packages are expected: just give our address! There is always someone on site to receive the mail or goods and keep them until you pick them up.<\/p>\n<\/div><\/div><\/div><\/div><\/div><\/div><\/div><\/section><section class=\"l-section wpb_row height_medium color_alternate\"><div class=\"l-section-h i-cf\"><div class=\"g-cols vc_row via_flex valign_top type_default stacking_default\"><div class=\"vc_col-sm-12 wpb_column vc_column_container\"><div class=\"vc_column-inner\"><div class=\"wpb_wrapper\"><div class=\"wpb_text_column\"><div class=\"wpb_wrapper\"><h3>To the hotel and to your boarding house in the Rhein-Main area \/ Main-Taunus-Kreis<\/h3>\n<p>Our Apart Hotel is in Bad Soden am Taunus. This city between Frankfurt and the Taunus Mountains is easily accessible from all directions.<br \/>\nThe nearby freeway connections are only a few minutes away. The Eschborn triangle leads to Frankfurt and Wiesbaden, this way you can also reach the A3. The Nordwest-Kreuz Frankfurt junction leads you via the A5 in all directions.<\/p>\n<p>Furthermore, the train station is a three minute walk away. The next stations are already the industrial parks of Sulzbach, Schwalbach and Eschborn. The Frankfurt trade fair can be reached in 15 minutes, the main station FFM in 20 minutes. The Frankfurt pedestrian zone &#8211; the Zeil &#8211; can be reached directly with the S3, which continues to Darmstadt. Frankfurt Airport is also very easy to reach with public transport.<\/p>\n<\/div><\/div><\/div><\/div><\/div><\/div><\/div><\/section><section class=\"l-section wpb_row height_auto width_full\"><div class=\"l-section-h i-cf\"><div class=\"g-cols vc_row via_flex valign_top type_default stacking_default\"><div class=\"vc_col-sm-12 wpb_column vc_column_container\"><div class=\"vc_column-inner\"><div class=\"wpb_wrapper\"><div class=\"w-map provider_google\" id=\"us_map_1\"><div class=\"w-map-inner\"><div class=\"w-map-json\" onclick='return {&quot;address&quot;:&quot;Parkstra\\u00dfe 3, 65812 Bad Soden am Taunus&quot;,&quot;disableDragging&quot;:0,&quot;disableZoom&quot;:0,&quot;hideControls&quot;:0,&quot;zoom&quot;:8,&quot;markers&quot;:[{&quot;address&quot;:&quot;Parkstra\\u00dfe 3, 65812 Bad Soden am Taunus&quot;,&quot;html&quot;:&quot;&lt;h6&gt;We are here.&lt;\\\/h6&gt;&lt;p&gt;&lt;a href=\\&quot;https:\\\/\\\/www.google.com\\\/maps\\\/place\\\/Apart-Hotel+Bad+Soden\\\/@50.1476332,8.5008244,15z\\\/data=!4m8!3m7!1s0x0:0x109569aec34c1693!5m2!4m1!1i2!8m2!3d50.1476332!4d8.5008244\\&quot; target=\\&quot;_blank\\&quot;&gt;goto Google Routeplaner&lt;\\\/a&gt;&lt;\\\/p&gt;&quot;,&quot;infowindow&quot;:0}],&quot;maptype&quot;:&quot;ROADMAP&quot;}'><\/div><\/div><\/div><\/div><\/div><\/div><\/div><\/div><\/section><section class=\"l-section wpb_row height_medium\"><div class=\"l-section-h i-cf\"><div class=\"g-cols vc_row via_flex valign_top type_default stacking_default\"><div class=\"vc_col-sm-12 wpb_column vc_column_container\"><div class=\"vc_column-inner\"><div class=\"wpb_wrapper\"><div class=\"wpb_text_column\"><div class=\"wpb_wrapper\"><h3>Bad Soden<\/h3>\n<p>This beautiful city offers you everything you need for daily life and after work. You can reach everything after a short walk through the Old Kurpark. For example, there are many restaurants that offer the menu of this world: German, Italian, Croatian and Turkish as well as Thai, Vietnamese and Indian cuisine. A burger restaurant completes the offer. As well as bars, caf\u00e9s, bakeries, pharmacies, a drugstore, dry cleaners, bank branches, a post office and supermarkets.<br \/>\nWhile the spa parks and forests offer the possibility for recreation and sports activities.<\/p>\n<\/div><\/div><\/div><\/div><\/div><\/div><\/div><\/section><section class=\"l-section wpb_row height_auto width_full\"><div class=\"l-section-h i-cf\"><div class=\"g-cols vc_row via_flex valign_top type_default stacking_default\"><div class=\"vc_col-sm-12 wpb_column vc_column_container\"><div class=\"vc_column-inner\"><div class=\"wpb_wrapper\"><div class=\"w-grid us_grid type_grid layout_gallery_default cols_3 preload_style_spinner\" id=\"us_grid_1\" style=\"--columns:3;--gap:0rem;\" data-filterable=\"true\"><style>@media (max-width:1024px){#us_grid_1{--columns:2!important}}@media (max-width:600px){#us_grid_1{--columns:1!important}}.layout_gallery_default .w-grid-item-h{}<\/style><div class=\"w-grid-list\">\t<article class=\"w-grid-item size_1x1 post-126 attachment type-attachment status-inherit hentry\" data-id=\"126\">\r\n\t\t<div class=\"w-grid-item-h\">\r\n\t\t\t\t\t\t\t<a ref=\"magnificPopupGrid\" href=\"https:\/\/aparthotel-badsoden.de\/wp-content\/uploads\/2020\/09\/hundertwasser-house-2505113_1280.jpg\" class=\"w-grid-item-anchor\" aria-label=\"hundertwasser-house-2505113_1280\"><\/a>\r\n\t\t\t\t\t\t<div class=\"w-post-elm post_image usg_post_image_1 stretched\"><img loading=\"lazy\" decoding=\"async\" width=\"1024\" height=\"682\" src=\"https:\/\/aparthotel-badsoden.de\/wp-content\/uploads\/2020\/09\/hundertwasser-house-2505113_1280-1024x682.jpg\" class=\"attachment-large size-large\" alt=\"\" srcset=\"https:\/\/aparthotel-badsoden.de\/wp-content\/uploads\/2020\/09\/hundertwasser-house-2505113_1280-1024x682.jpg 1024w, https:\/\/aparthotel-badsoden.de\/wp-content\/uploads\/2020\/09\/hundertwasser-house-2505113_1280-300x200.jpg 300w, https:\/\/aparthotel-badsoden.de\/wp-content\/uploads\/2020\/09\/hundertwasser-house-2505113_1280.jpg 1280w\" sizes=\"auto, (max-width: 1024px) 100vw, 1024px\" \/><\/div>\t\t<\/div>\r\n\t\t\t<\/article>\r\n\t<article class=\"w-grid-item size_1x1 post-130 attachment type-attachment status-inherit hentry\" data-id=\"130\">\r\n\t\t<div class=\"w-grid-item-h\">\r\n\t\t\t\t\t\t\t<a ref=\"magnificPopupGrid\" href=\"https:\/\/aparthotel-badsoden.de\/wp-content\/uploads\/2020\/09\/bad-soden-2505123_1280.jpg\" class=\"w-grid-item-anchor\" aria-label=\"bad-soden-2505123_1280\"><\/a>\r\n\t\t\t\t\t\t<div class=\"w-post-elm post_image usg_post_image_1 stretched\"><img loading=\"lazy\" decoding=\"async\" width=\"1024\" height=\"682\" src=\"https:\/\/aparthotel-badsoden.de\/wp-content\/uploads\/2020\/09\/bad-soden-2505123_1280-1024x682.jpg\" class=\"attachment-large size-large\" alt=\"\" srcset=\"https:\/\/aparthotel-badsoden.de\/wp-content\/uploads\/2020\/09\/bad-soden-2505123_1280-1024x682.jpg 1024w, https:\/\/aparthotel-badsoden.de\/wp-content\/uploads\/2020\/09\/bad-soden-2505123_1280-300x200.jpg 300w, https:\/\/aparthotel-badsoden.de\/wp-content\/uploads\/2020\/09\/bad-soden-2505123_1280.jpg 1280w\" sizes=\"auto, (max-width: 1024px) 100vw, 1024px\" \/><\/div>\t\t<\/div>\r\n\t\t\t<\/article>\r\n\t<article class=\"w-grid-item size_1x1 post-128 attachment type-attachment status-inherit hentry\" data-id=\"128\">\r\n\t\t<div class=\"w-grid-item-h\">\r\n\t\t\t\t\t\t\t<a ref=\"magnificPopupGrid\" href=\"https:\/\/aparthotel-badsoden.de\/wp-content\/uploads\/2020\/09\/bad-soden-2505095_1280.jpg\" class=\"w-grid-item-anchor\" aria-label=\"bad-soden-2505095_1280\"><\/a>\r\n\t\t\t\t\t\t<div class=\"w-post-elm post_image usg_post_image_1 stretched\"><img loading=\"lazy\" decoding=\"async\" width=\"1024\" height=\"682\" src=\"https:\/\/aparthotel-badsoden.de\/wp-content\/uploads\/2020\/09\/bad-soden-2505095_1280-1024x682.jpg\" class=\"attachment-large size-large\" alt=\"\" srcset=\"https:\/\/aparthotel-badsoden.de\/wp-content\/uploads\/2020\/09\/bad-soden-2505095_1280-1024x682.jpg 1024w, https:\/\/aparthotel-badsoden.de\/wp-content\/uploads\/2020\/09\/bad-soden-2505095_1280-300x200.jpg 300w, https:\/\/aparthotel-badsoden.de\/wp-content\/uploads\/2020\/09\/bad-soden-2505095_1280.jpg 1280w\" sizes=\"auto, (max-width: 1024px) 100vw, 1024px\" \/><\/div>\t\t<\/div>\r\n\t\t\t<\/article>\r\n<\/div>\t<div class=\"w-grid-preloader\">\r\n\t\t<div class=\"g-preloader type_1\">\r\n\t\t\t<div><\/div>\r\n\t\t<\/div>\r\n\t<\/div>\r\n\t\t<div class=\"w-grid-json hidden\" onclick='return {&quot;action&quot;:&quot;us_ajax_grid&quot;,&quot;infinite_scroll&quot;:0,&quot;max_num_pages&quot;:1,&quot;pagination&quot;:&quot;none&quot;,&quot;template_vars&quot;:{&quot;columns&quot;:&quot;3&quot;,&quot;exclude_items&quot;:&quot;none&quot;,&quot;img_size&quot;:&quot;default&quot;,&quot;ignore_items_size&quot;:0,&quot;items_layout&quot;:&quot;gallery_default&quot;,&quot;items_offset&quot;:&quot;1&quot;,&quot;load_animation&quot;:&quot;none&quot;,&quot;overriding_link&quot;:&quot;%7B%22type%22%3A%22popup_image%22%7D&quot;,&quot;post_id&quot;:0,&quot;query_args&quot;:{&quot;post_type&quot;:[&quot;attachment&quot;],&quot;post__in&quot;:[&quot;125&quot;,&quot;129&quot;,&quot;127&quot;],&quot;post_status&quot;:&quot;inherit&quot;,&quot;post_mime_type&quot;:&quot;image&quot;,&quot;posts_per_page&quot;:&quot;3&quot;},&quot;orderby_query_args&quot;:{&quot;orderby&quot;:{&quot;post__in&quot;:&quot;ASC&quot;},&quot;order&quot;:&quot;ASC&quot;},&quot;type&quot;:&quot;grid&quot;,&quot;us_grid_post_type&quot;:&quot;attachment&quot;,&quot;us_grid_ajax_index&quot;:1,&quot;us_grid_filter_query_string&quot;:null,&quot;us_grid_index&quot;:1,&quot;page_args&quot;:[],&quot;lang&quot;:&quot;en&quot;}}'><\/div>\r\n\t<\/div><\/div><\/div><\/div><\/div><\/div><\/section>\n","protected":false},"excerpt":{"rendered":"","protected":false},"author":1,"featured_media":0,"parent":0,"menu_order":0,"comment_status":"closed","ping_status":"closed","template":"","meta":{"footnotes":""},"class_list":["post-206","page","type-page","status-publish","hentry"],"yoast_head":"<!-- This site is optimized with the Yoast SEO plugin v27.5 - https:\/\/yoast.com\/product\/yoast-seo-wordpress\/ -->\n<title>Boardinghaus im Rhein-Main-Gebiet - Apart Hotel Bad Soden am Taunus<\/title>\n<meta name=\"description\" content=\"Dein Boardinghaus im Rhein-Main-Gebiet mit kostenlosem W-LAN und Parkplatz sowie Fr\u00fchst\u00fcck ist inbegriffen. Du wirst dich wohlf\u00fchlen!\" \/>\n<meta name=\"robots\" content=\"index, follow, max-snippet:-1, max-image-preview:large, max-video-preview:-1\" \/>\n<link rel=\"canonical\" href=\"https:\/\/aparthotel-badsoden.de\/en\/boardinghouse-in-the-rhein-main-area\/\" \/>\n<meta property=\"og:locale\" content=\"en_US\" \/>\n<meta property=\"og:type\" content=\"article\" \/>\n<meta property=\"og:title\" content=\"Boardinghaus im Rhein-Main-Gebiet - Apart Hotel Bad Soden am Taunus\" \/>\n<meta property=\"og:description\" content=\"Dein Boardinghaus im Rhein-Main-Gebiet mit kostenlosem W-LAN und Parkplatz sowie Fr\u00fchst\u00fcck ist inbegriffen. Du wirst dich wohlf\u00fchlen!\" \/>\n<meta property=\"og:url\" content=\"https:\/\/aparthotel-badsoden.de\/en\/boardinghouse-in-the-rhein-main-area\/\" \/>\n<meta property=\"og:site_name\" content=\"Apart Hotel Bad Soden am Taunus\" \/>\n<meta name=\"twitter:card\" content=\"summary_large_image\" \/>\n<meta name=\"twitter:label1\" content=\"Est. reading time\" \/>\n\t<meta name=\"twitter:data1\" content=\"3 minutes\" \/>\n<script type=\"application\/ld+json\" class=\"yoast-schema-graph\">{\"@context\":\"https:\\\/\\\/schema.org\",\"@graph\":[{\"@type\":\"WebPage\",\"@id\":\"https:\\\/\\\/aparthotel-badsoden.de\\\/en\\\/boardinghouse-in-the-rhein-main-area\\\/\",\"url\":\"https:\\\/\\\/aparthotel-badsoden.de\\\/en\\\/boardinghouse-in-the-rhein-main-area\\\/\",\"name\":\"Boardinghaus im Rhein-Main-Gebiet - Apart Hotel Bad Soden am Taunus\",\"isPartOf\":{\"@id\":\"https:\\\/\\\/aparthotel-badsoden.de\\\/en\\\/#website\"},\"datePublished\":\"2020-10-05T17:04:40+00:00\",\"description\":\"Dein Boardinghaus im Rhein-Main-Gebiet mit kostenlosem W-LAN und Parkplatz sowie Fr\u00fchst\u00fcck ist inbegriffen. Du wirst dich wohlf\u00fchlen!\",\"breadcrumb\":{\"@id\":\"https:\\\/\\\/aparthotel-badsoden.de\\\/en\\\/boardinghouse-in-the-rhein-main-area\\\/#breadcrumb\"},\"inLanguage\":\"en-US\",\"potentialAction\":[{\"@type\":\"ReadAction\",\"target\":[\"https:\\\/\\\/aparthotel-badsoden.de\\\/en\\\/boardinghouse-in-the-rhein-main-area\\\/\"]}]},{\"@type\":\"BreadcrumbList\",\"@id\":\"https:\\\/\\\/aparthotel-badsoden.de\\\/en\\\/boardinghouse-in-the-rhein-main-area\\\/#breadcrumb\",\"itemListElement\":[{\"@type\":\"ListItem\",\"position\":1,\"name\":\"Startseite\",\"item\":\"https:\\\/\\\/aparthotel-badsoden.de\\\/en\\\/\"},{\"@type\":\"ListItem\",\"position\":2,\"name\":\"Boardinghouse in the Rhein-Main area\"}]},{\"@type\":\"WebSite\",\"@id\":\"https:\\\/\\\/aparthotel-badsoden.de\\\/en\\\/#website\",\"url\":\"https:\\\/\\\/aparthotel-badsoden.de\\\/en\\\/\",\"name\":\"Apart Hotel Bad Soden am Taunus\",\"description\":\"Eine weitere WordPress-Website\",\"potentialAction\":[{\"@type\":\"SearchAction\",\"target\":{\"@type\":\"EntryPoint\",\"urlTemplate\":\"https:\\\/\\\/aparthotel-badsoden.de\\\/en\\\/?s={search_term_string}\"},\"query-input\":{\"@type\":\"PropertyValueSpecification\",\"valueRequired\":true,\"valueName\":\"search_term_string\"}}],\"inLanguage\":\"en-US\"}]}<\/script>\n<!-- \/ Yoast SEO plugin. -->","yoast_head_json":{"title":"Boardinghaus im Rhein-Main-Gebiet - Apart Hotel Bad Soden am Taunus","description":"Dein Boardinghaus im Rhein-Main-Gebiet mit kostenlosem W-LAN und Parkplatz sowie Fr\u00fchst\u00fcck ist inbegriffen. Du wirst dich wohlf\u00fchlen!","robots":{"index":"index","follow":"follow","max-snippet":"max-snippet:-1","max-image-preview":"max-image-preview:large","max-video-preview":"max-video-preview:-1"},"canonical":"https:\/\/aparthotel-badsoden.de\/en\/boardinghouse-in-the-rhein-main-area\/","og_locale":"en_US","og_type":"article","og_title":"Boardinghaus im Rhein-Main-Gebiet - Apart Hotel Bad Soden am Taunus","og_description":"Dein Boardinghaus im Rhein-Main-Gebiet mit kostenlosem W-LAN und Parkplatz sowie Fr\u00fchst\u00fcck ist inbegriffen. Du wirst dich wohlf\u00fchlen!","og_url":"https:\/\/aparthotel-badsoden.de\/en\/boardinghouse-in-the-rhein-main-area\/","og_site_name":"Apart Hotel Bad Soden am Taunus","twitter_card":"summary_large_image","twitter_misc":{"Est. reading time":"3 minutes"},"schema":{"@context":"https:\/\/schema.org","@graph":[{"@type":"WebPage","@id":"https:\/\/aparthotel-badsoden.de\/en\/boardinghouse-in-the-rhein-main-area\/","url":"https:\/\/aparthotel-badsoden.de\/en\/boardinghouse-in-the-rhein-main-area\/","name":"Boardinghaus im Rhein-Main-Gebiet - Apart Hotel Bad Soden am Taunus","isPartOf":{"@id":"https:\/\/aparthotel-badsoden.de\/en\/#website"},"datePublished":"2020-10-05T17:04:40+00:00","description":"Dein Boardinghaus im Rhein-Main-Gebiet mit kostenlosem W-LAN und Parkplatz sowie Fr\u00fchst\u00fcck ist inbegriffen. Du wirst dich wohlf\u00fchlen!","breadcrumb":{"@id":"https:\/\/aparthotel-badsoden.de\/en\/boardinghouse-in-the-rhein-main-area\/#breadcrumb"},"inLanguage":"en-US","potentialAction":[{"@type":"ReadAction","target":["https:\/\/aparthotel-badsoden.de\/en\/boardinghouse-in-the-rhein-main-area\/"]}]},{"@type":"BreadcrumbList","@id":"https:\/\/aparthotel-badsoden.de\/en\/boardinghouse-in-the-rhein-main-area\/#breadcrumb","itemListElement":[{"@type":"ListItem","position":1,"name":"Startseite","item":"https:\/\/aparthotel-badsoden.de\/en\/"},{"@type":"ListItem","position":2,"name":"Boardinghouse in the Rhein-Main area"}]},{"@type":"WebSite","@id":"https:\/\/aparthotel-badsoden.de\/en\/#website","url":"https:\/\/aparthotel-badsoden.de\/en\/","name":"Apart Hotel Bad Soden am Taunus","description":"Eine weitere WordPress-Website","potentialAction":[{"@type":"SearchAction","target":{"@type":"EntryPoint","urlTemplate":"https:\/\/aparthotel-badsoden.de\/en\/?s={search_term_string}"},"query-input":{"@type":"PropertyValueSpecification","valueRequired":true,"valueName":"search_term_string"}}],"inLanguage":"en-US"}]}},"_links":{"self":[{"href":"https:\/\/aparthotel-badsoden.de\/en\/wp-json\/wp\/v2\/pages\/206","targetHints":{"allow":["GET"]}}],"collection":[{"href":"https:\/\/aparthotel-badsoden.de\/en\/wp-json\/wp\/v2\/pages"}],"about":[{"href":"https:\/\/aparthotel-badsoden.de\/en\/wp-json\/wp\/v2\/types\/page"}],"author":[{"embeddable":true,"href":"https:\/\/aparthotel-badsoden.de\/en\/wp-json\/wp\/v2\/users\/1"}],"replies":[{"embeddable":true,"href":"https:\/\/aparthotel-badsoden.de\/en\/wp-json\/wp\/v2\/comments?post=206"}],"version-history":[{"count":3,"href":"https:\/\/aparthotel-badsoden.de\/en\/wp-json\/wp\/v2\/pages\/206\/revisions"}],"predecessor-version":[{"id":225,"href":"https:\/\/aparthotel-badsoden.de\/en\/wp-json\/wp\/v2\/pages\/206\/revisions\/225"}],"wp:attachment":[{"href":"https:\/\/aparthotel-badsoden.de\/en\/wp-json\/wp\/v2\/media?parent=206"}],"curies":[{"name":"wp","href":"https:\/\/api.w.org\/{rel}","templated":true}]}}