{"id":197,"date":"2020-10-05T19:09:00","date_gmt":"2020-10-05T17:09:00","guid":{"rendered":"https:\/\/aparthotel-badsoden.de\/?page_id=197"},"modified":"2020-10-05T19:09:01","modified_gmt":"2020-10-05T17:09:01","slug":"fitters-accommodation","status":"publish","type":"page","link":"https:\/\/aparthotel-badsoden.de\/en\/fitters-accommodation\/","title":{"rendered":"Fitter&#8217;s accommodation"},"content":{"rendered":"<section class=\"l-section wpb_row startseite height_huge color_primary with_slider\"><div class=\"l-section-slider\"><div class=\"w-slider style_none fit_cover nav_none count_3\"><div class=\"w-slider-h\" aria-hidden=\"true\"><div class=\"royalSlider\"><div class=\"rsContent\"><a class=\"rsImg\" data-rsw=\"1024\" data-rsh=\"683\" href=\"https:\/\/aparthotel-badsoden.de\/wp-content\/uploads\/2020\/09\/fruehstueck.jpg\"><span data-alt=\"Apartment im Rhein-Main-Gebiet\"><\/span><\/a><\/div><div class=\"rsContent\"><a class=\"rsImg\" data-rsw=\"1024\" data-rsh=\"683\" href=\"https:\/\/aparthotel-badsoden.de\/wp-content\/uploads\/2020\/09\/fruehstuecksaal.jpg\"><span data-alt=\"Apartment im Rhein-Main-Gebiet\"><\/span><\/a><\/div><div class=\"rsContent\"><a class=\"rsImg\" data-rsw=\"1024\" data-rsh=\"683\" href=\"https:\/\/aparthotel-badsoden.de\/wp-content\/uploads\/2020\/09\/flur.jpg\"><span data-alt=\"\"><\/span><\/a><\/div><\/div><img decoding=\"async\" src=\"https:\/\/aparthotel-badsoden.de\/wp-content\/uploads\/2020\/09\/fruehstueck.jpg\" width=\"1024\" height=\"683\" alt=\"Apartment im Rhein-Main-Gebiet\" loading=\"lazy\"><\/div><div class=\"w-slider-json\" onclick='return {&quot;autoScaleSlider&quot;:true,&quot;addActiveClass&quot;:true,&quot;loop&quot;:true,&quot;fadeInLoadedSlide&quot;:false,&quot;slidesSpacing&quot;:0,&quot;imageScalePadding&quot;:0,&quot;numImagesToPreload&quot;:2,&quot;arrowsNav&quot;:false,&quot;arrowsNavAutoHide&quot;:false,&quot;transitionType&quot;:&quot;fade&quot;,&quot;transitionSpeed&quot;:1000,&quot;block&quot;:{&quot;moveEffect&quot;:&quot;none&quot;,&quot;speed&quot;:300},&quot;thumbs&quot;:{&quot;fitInViewport&quot;:false,&quot;firstMargin&quot;:false,&quot;spacing&quot;:4},&quot;controlNavigation&quot;:&quot;none&quot;,&quot;autoplay&quot;:{&quot;enabled&quot;:true,&quot;pauseOnHover&quot;:false,&quot;delay&quot;:3000},&quot;autoScaleSliderWidth&quot;:1024,&quot;autoScaleSliderHeight&quot;:683}'><\/div><\/div><\/div><div class=\"l-section-h i-cf\"><div class=\"g-cols vc_row via_flex valign_top type_default stacking_default\"><div class=\"vc_col-sm-6 wpb_column vc_column_container\"><div class=\"vc_column-inner\"><div class=\"wpb_wrapper\"><div class=\"w-separator size_huge\"><\/div><div class=\"wpb_text_column\"><div class=\"wpb_wrapper\"><h1>On mounting<\/h1>\n<h3>And still be at home<\/h3>\n<\/div><\/div><div class=\"w-separator size_huge\"><\/div><\/div><\/div><\/div><div class=\"vc_col-sm-6 wpb_column vc_column_container\"><div class=\"vc_column-inner\"><div class=\"wpb_wrapper\"><\/div><\/div><\/div><\/div><\/div><\/section><section class=\"l-section wpb_row height_medium\"><div class=\"l-section-h i-cf\"><div class=\"g-cols vc_row via_flex valign_top type_default stacking_default\"><div class=\"vc_col-sm-12 wpb_column vc_column_container\"><div class=\"vc_column-inner\"><div class=\"wpb_wrapper\"><div class=\"wpb_text_column\"><div class=\"wpb_wrapper\"><h2>Here you have everything you need<\/h2>\n<p>This means everything that is needed for a longer stay in a mechanic&#8217;s accommodation. W-LAN access in every room, studio or apartment is a matter of course, and there is of course free parking for every room in the hotel\/boardinghouse. The parking lot in the inner courtyard is locked.<br \/>\nA rich breakfast, which leaves nothing to be desired, is available daily from 6.00 a.m. Our launderette with washing machines, drying and ironing facilities complete our service.<\/p>\n<p>If letters, packages and parcels are expected: just give our address! There is always someone on site to receive the mail or goods and keep them until you pick them up.<\/p>\n<\/div><\/div><\/div><\/div><\/div><\/div><\/div><\/section><section class=\"l-section wpb_row height_medium color_alternate\"><div class=\"l-section-h i-cf\"><div class=\"g-cols vc_row via_flex valign_top type_default stacking_default\"><div class=\"vc_col-sm-12 wpb_column vc_column_container\"><div class=\"vc_column-inner\"><div class=\"wpb_wrapper\"><div class=\"wpb_text_column\"><div class=\"wpb_wrapper\"><h3>To the hotel and fitter accommodation in the Main-Taunus-Kreis\/Rhine-Main area<\/h3>\n<p>Our Apart-Hotel is in Bad Soden and can be easily reached from all directions, via all traffic routes. The freeway connections are only a few minutes away. The Eschborn triangle leads to Frankfurt and Wiesbaden, this way you reach the A3. Via the Nordwest-Kreuz Frankfurt junction you can reach the A5, i.e. in all directions.<\/p>\n<p>In addition, the train station can be reached on foot in three minutes. And the industrial areas of Sulzbach, Schwalbach and Eschborn are already the next stops. It takes 15 minutes to get to the Frankfurt Trade Fair and 20 minutes to the FFM central station. These destinations and Frankfurt city center can all be reached directly with the S3, which continues on to Darmstadt. Frankfurt Airport can also be easily reached by public transport.<\/p>\n<\/div><\/div><\/div><\/div><\/div><\/div><\/div><\/section><section class=\"l-section wpb_row height_auto width_full\"><div class=\"l-section-h i-cf\"><div class=\"g-cols vc_row via_flex valign_top type_default stacking_default\"><div class=\"vc_col-sm-12 wpb_column vc_column_container\"><div class=\"vc_column-inner\"><div class=\"wpb_wrapper\"><div class=\"w-map provider_google\" id=\"us_map_1\"><div class=\"w-map-inner\"><div class=\"w-map-json\" onclick='return {&quot;address&quot;:&quot;Parkstra\\u00dfe 3, 65812 Bad Soden am Taunus&quot;,&quot;disableDragging&quot;:0,&quot;disableZoom&quot;:0,&quot;hideControls&quot;:0,&quot;zoom&quot;:8,&quot;markers&quot;:[{&quot;address&quot;:&quot;Parkstra\\u00dfe 3, 65812 Bad Soden am Taunus&quot;,&quot;html&quot;:&quot;&lt;h6&gt;We are here.&lt;\\\/h6&gt;&lt;p&gt;&lt;a href=\\&quot;https:\\\/\\\/www.google.com\\\/maps\\\/place\\\/Apart-Hotel+Bad+Soden\\\/@50.1476332,8.5008244,15z\\\/data=!4m8!3m7!1s0x0:0x109569aec34c1693!5m2!4m1!1i2!8m2!3d50.1476332!4d8.5008244\\&quot; target=\\&quot;_blank\\&quot;&gt;goto Google Routeplaner&lt;\\\/a&gt;&lt;\\\/p&gt;&quot;,&quot;infowindow&quot;:0}],&quot;maptype&quot;:&quot;ROADMAP&quot;}'><\/div><\/div><\/div><\/div><\/div><\/div><\/div><\/div><\/section><section class=\"l-section wpb_row height_medium\"><div class=\"l-section-h i-cf\"><div class=\"g-cols vc_row via_flex valign_top type_default stacking_default\"><div class=\"vc_col-sm-12 wpb_column vc_column_container\"><div class=\"vc_column-inner\"><div class=\"wpb_wrapper\"><div class=\"wpb_text_column\"><div class=\"wpb_wrapper\"><h3>Bad Soden<\/h3>\n<p>Bad Soden offers you everything you need for daily life. And everything is within walking distance.<br \/>\nFor example, many restaurants: German, Italian, Croatian and Turkish as well as Thai, Vietnamese and Indian. There is also a burger restaurant and a kebab store at the other end of the park. Also pubs, caf\u00e9s, bakeries, pharmacies, a drugstore, dry cleaners, bank branches, a post office and supermarkets.<\/p>\n<\/div><\/div><\/div><\/div><\/div><\/div><\/div><\/section><section class=\"l-section wpb_row height_auto width_full\"><div class=\"l-section-h i-cf\"><div class=\"g-cols vc_row via_flex valign_top type_default stacking_default\"><div class=\"vc_col-sm-12 wpb_column vc_column_container\"><div class=\"vc_column-inner\"><div class=\"wpb_wrapper\"><div class=\"w-grid us_grid type_grid layout_gallery_default cols_3 preload_style_spinner\" id=\"us_grid_1\" style=\"--columns:3;--gap:0rem;\" data-filterable=\"true\"><style>@media (max-width:1024px){#us_grid_1{--columns:2!important}}@media (max-width:600px){#us_grid_1{--columns:1!important}}.layout_gallery_default .w-grid-item-h{}<\/style><div class=\"w-grid-list\">\t<article class=\"w-grid-item size_1x1 post-126 attachment type-attachment status-inherit hentry\" data-id=\"126\">\r\n\t\t<div class=\"w-grid-item-h\">\r\n\t\t\t\t\t\t\t<a ref=\"magnificPopupGrid\" href=\"https:\/\/aparthotel-badsoden.de\/wp-content\/uploads\/2020\/09\/hundertwasser-house-2505113_1280.jpg\" class=\"w-grid-item-anchor\" aria-label=\"hundertwasser-house-2505113_1280\"><\/a>\r\n\t\t\t\t\t\t<div class=\"w-post-elm post_image usg_post_image_1 stretched\"><img loading=\"lazy\" decoding=\"async\" width=\"1024\" height=\"682\" src=\"https:\/\/aparthotel-badsoden.de\/wp-content\/uploads\/2020\/09\/hundertwasser-house-2505113_1280-1024x682.jpg\" class=\"attachment-large size-large\" alt=\"\" srcset=\"https:\/\/aparthotel-badsoden.de\/wp-content\/uploads\/2020\/09\/hundertwasser-house-2505113_1280-1024x682.jpg 1024w, https:\/\/aparthotel-badsoden.de\/wp-content\/uploads\/2020\/09\/hundertwasser-house-2505113_1280-300x200.jpg 300w, https:\/\/aparthotel-badsoden.de\/wp-content\/uploads\/2020\/09\/hundertwasser-house-2505113_1280.jpg 1280w\" sizes=\"auto, (max-width: 1024px) 100vw, 1024px\" \/><\/div>\t\t<\/div>\r\n\t\t\t<\/article>\r\n\t<article class=\"w-grid-item size_1x1 post-130 attachment type-attachment status-inherit hentry\" data-id=\"130\">\r\n\t\t<div class=\"w-grid-item-h\">\r\n\t\t\t\t\t\t\t<a ref=\"magnificPopupGrid\" href=\"https:\/\/aparthotel-badsoden.de\/wp-content\/uploads\/2020\/09\/bad-soden-2505123_1280.jpg\" class=\"w-grid-item-anchor\" aria-label=\"bad-soden-2505123_1280\"><\/a>\r\n\t\t\t\t\t\t<div class=\"w-post-elm post_image usg_post_image_1 stretched\"><img loading=\"lazy\" decoding=\"async\" width=\"1024\" height=\"682\" src=\"https:\/\/aparthotel-badsoden.de\/wp-content\/uploads\/2020\/09\/bad-soden-2505123_1280-1024x682.jpg\" class=\"attachment-large size-large\" alt=\"\" srcset=\"https:\/\/aparthotel-badsoden.de\/wp-content\/uploads\/2020\/09\/bad-soden-2505123_1280-1024x682.jpg 1024w, https:\/\/aparthotel-badsoden.de\/wp-content\/uploads\/2020\/09\/bad-soden-2505123_1280-300x200.jpg 300w, https:\/\/aparthotel-badsoden.de\/wp-content\/uploads\/2020\/09\/bad-soden-2505123_1280.jpg 1280w\" sizes=\"auto, (max-width: 1024px) 100vw, 1024px\" \/><\/div>\t\t<\/div>\r\n\t\t\t<\/article>\r\n\t<article class=\"w-grid-item size_1x1 post-128 attachment type-attachment status-inherit hentry\" data-id=\"128\">\r\n\t\t<div class=\"w-grid-item-h\">\r\n\t\t\t\t\t\t\t<a ref=\"magnificPopupGrid\" href=\"https:\/\/aparthotel-badsoden.de\/wp-content\/uploads\/2020\/09\/bad-soden-2505095_1280.jpg\" class=\"w-grid-item-anchor\" aria-label=\"bad-soden-2505095_1280\"><\/a>\r\n\t\t\t\t\t\t<div class=\"w-post-elm post_image usg_post_image_1 stretched\"><img loading=\"lazy\" decoding=\"async\" width=\"1024\" height=\"682\" src=\"https:\/\/aparthotel-badsoden.de\/wp-content\/uploads\/2020\/09\/bad-soden-2505095_1280-1024x682.jpg\" class=\"attachment-large size-large\" alt=\"\" srcset=\"https:\/\/aparthotel-badsoden.de\/wp-content\/uploads\/2020\/09\/bad-soden-2505095_1280-1024x682.jpg 1024w, https:\/\/aparthotel-badsoden.de\/wp-content\/uploads\/2020\/09\/bad-soden-2505095_1280-300x200.jpg 300w, https:\/\/aparthotel-badsoden.de\/wp-content\/uploads\/2020\/09\/bad-soden-2505095_1280.jpg 1280w\" sizes=\"auto, (max-width: 1024px) 100vw, 1024px\" \/><\/div>\t\t<\/div>\r\n\t\t\t<\/article>\r\n<\/div>\t<div class=\"w-grid-preloader\">\r\n\t\t<div class=\"g-preloader type_1\">\r\n\t\t\t<div><\/div>\r\n\t\t<\/div>\r\n\t<\/div>\r\n\t\t<div class=\"w-grid-json hidden\" onclick='return {&quot;action&quot;:&quot;us_ajax_grid&quot;,&quot;infinite_scroll&quot;:0,&quot;max_num_pages&quot;:1,&quot;pagination&quot;:&quot;none&quot;,&quot;template_vars&quot;:{&quot;columns&quot;:&quot;3&quot;,&quot;exclude_items&quot;:&quot;none&quot;,&quot;img_size&quot;:&quot;default&quot;,&quot;ignore_items_size&quot;:0,&quot;items_layout&quot;:&quot;gallery_default&quot;,&quot;items_offset&quot;:&quot;1&quot;,&quot;load_animation&quot;:&quot;none&quot;,&quot;overriding_link&quot;:&quot;%7B%22type%22%3A%22popup_image%22%7D&quot;,&quot;post_id&quot;:0,&quot;query_args&quot;:{&quot;post_type&quot;:[&quot;attachment&quot;],&quot;post__in&quot;:[&quot;125&quot;,&quot;129&quot;,&quot;127&quot;],&quot;post_status&quot;:&quot;inherit&quot;,&quot;post_mime_type&quot;:&quot;image&quot;,&quot;posts_per_page&quot;:&quot;3&quot;},&quot;orderby_query_args&quot;:{&quot;orderby&quot;:{&quot;post__in&quot;:&quot;ASC&quot;},&quot;order&quot;:&quot;ASC&quot;},&quot;type&quot;:&quot;grid&quot;,&quot;us_grid_post_type&quot;:&quot;attachment&quot;,&quot;us_grid_ajax_index&quot;:1,&quot;us_grid_filter_query_string&quot;:null,&quot;us_grid_index&quot;:1,&quot;page_args&quot;:[],&quot;lang&quot;:&quot;en&quot;}}'><\/div>\r\n\t<\/div><\/div><\/div><\/div><\/div><\/div><\/section>\n","protected":false},"excerpt":{"rendered":"","protected":false},"author":1,"featured_media":0,"parent":0,"menu_order":0,"comment_status":"closed","ping_status":"closed","template":"","meta":{"footnotes":""},"class_list":["post-197","page","type-page","status-publish","hentry"],"yoast_head":"<!-- This site is optimized with the Yoast SEO plugin v27.5 - https:\/\/yoast.com\/product\/yoast-seo-wordpress\/ -->\n<title>Deine Monteurunterkunft - Apart Hotel Bad Soden am Taunus<\/title>\n<meta name=\"description\" content=\"Deine Monteurunterkunft im Rhein-Main-Gebiet mit kostenlosem W-LAN und Parkplatz sowie Fr\u00fchst\u00fcck ist inbegriffen. Du wirst dich wohlf\u00fchlen!\" \/>\n<meta name=\"robots\" content=\"index, follow, max-snippet:-1, max-image-preview:large, max-video-preview:-1\" \/>\n<link rel=\"canonical\" href=\"https:\/\/aparthotel-badsoden.de\/en\/fitters-accommodation\/\" \/>\n<meta property=\"og:locale\" content=\"en_US\" \/>\n<meta property=\"og:type\" content=\"article\" \/>\n<meta property=\"og:title\" content=\"Deine Monteurunterkunft - Apart Hotel Bad Soden am Taunus\" \/>\n<meta property=\"og:description\" content=\"Deine Monteurunterkunft im Rhein-Main-Gebiet mit kostenlosem W-LAN und Parkplatz sowie Fr\u00fchst\u00fcck ist inbegriffen. Du wirst dich wohlf\u00fchlen!\" \/>\n<meta property=\"og:url\" content=\"https:\/\/aparthotel-badsoden.de\/en\/fitters-accommodation\/\" \/>\n<meta property=\"og:site_name\" content=\"Apart Hotel Bad Soden am Taunus\" \/>\n<meta property=\"article:modified_time\" content=\"2020-10-05T17:09:01+00:00\" \/>\n<meta name=\"twitter:card\" content=\"summary_large_image\" \/>\n<meta name=\"twitter:label1\" content=\"Est. reading time\" \/>\n\t<meta name=\"twitter:data1\" content=\"3 minutes\" \/>\n<script type=\"application\/ld+json\" class=\"yoast-schema-graph\">{\"@context\":\"https:\\\/\\\/schema.org\",\"@graph\":[{\"@type\":\"WebPage\",\"@id\":\"https:\\\/\\\/aparthotel-badsoden.de\\\/en\\\/fitters-accommodation\\\/\",\"url\":\"https:\\\/\\\/aparthotel-badsoden.de\\\/en\\\/fitters-accommodation\\\/\",\"name\":\"Deine Monteurunterkunft - Apart Hotel Bad Soden am Taunus\",\"isPartOf\":{\"@id\":\"https:\\\/\\\/aparthotel-badsoden.de\\\/en\\\/#website\"},\"datePublished\":\"2020-10-05T17:09:00+00:00\",\"dateModified\":\"2020-10-05T17:09:01+00:00\",\"description\":\"Deine Monteurunterkunft im Rhein-Main-Gebiet mit kostenlosem W-LAN und Parkplatz sowie Fr\u00fchst\u00fcck ist inbegriffen. Du wirst dich wohlf\u00fchlen!\",\"breadcrumb\":{\"@id\":\"https:\\\/\\\/aparthotel-badsoden.de\\\/en\\\/fitters-accommodation\\\/#breadcrumb\"},\"inLanguage\":\"en-US\",\"potentialAction\":[{\"@type\":\"ReadAction\",\"target\":[\"https:\\\/\\\/aparthotel-badsoden.de\\\/en\\\/fitters-accommodation\\\/\"]}]},{\"@type\":\"BreadcrumbList\",\"@id\":\"https:\\\/\\\/aparthotel-badsoden.de\\\/en\\\/fitters-accommodation\\\/#breadcrumb\",\"itemListElement\":[{\"@type\":\"ListItem\",\"position\":1,\"name\":\"Startseite\",\"item\":\"https:\\\/\\\/aparthotel-badsoden.de\\\/en\\\/\"},{\"@type\":\"ListItem\",\"position\":2,\"name\":\"Fitter&#8217;s accommodation\"}]},{\"@type\":\"WebSite\",\"@id\":\"https:\\\/\\\/aparthotel-badsoden.de\\\/en\\\/#website\",\"url\":\"https:\\\/\\\/aparthotel-badsoden.de\\\/en\\\/\",\"name\":\"Apart Hotel Bad Soden am Taunus\",\"description\":\"Eine weitere WordPress-Website\",\"potentialAction\":[{\"@type\":\"SearchAction\",\"target\":{\"@type\":\"EntryPoint\",\"urlTemplate\":\"https:\\\/\\\/aparthotel-badsoden.de\\\/en\\\/?s={search_term_string}\"},\"query-input\":{\"@type\":\"PropertyValueSpecification\",\"valueRequired\":true,\"valueName\":\"search_term_string\"}}],\"inLanguage\":\"en-US\"}]}<\/script>\n<!-- \/ Yoast SEO plugin. -->","yoast_head_json":{"title":"Deine Monteurunterkunft - Apart Hotel Bad Soden am Taunus","description":"Deine Monteurunterkunft im Rhein-Main-Gebiet mit kostenlosem W-LAN und Parkplatz sowie Fr\u00fchst\u00fcck ist inbegriffen. Du wirst dich wohlf\u00fchlen!","robots":{"index":"index","follow":"follow","max-snippet":"max-snippet:-1","max-image-preview":"max-image-preview:large","max-video-preview":"max-video-preview:-1"},"canonical":"https:\/\/aparthotel-badsoden.de\/en\/fitters-accommodation\/","og_locale":"en_US","og_type":"article","og_title":"Deine Monteurunterkunft - Apart Hotel Bad Soden am Taunus","og_description":"Deine Monteurunterkunft im Rhein-Main-Gebiet mit kostenlosem W-LAN und Parkplatz sowie Fr\u00fchst\u00fcck ist inbegriffen. Du wirst dich wohlf\u00fchlen!","og_url":"https:\/\/aparthotel-badsoden.de\/en\/fitters-accommodation\/","og_site_name":"Apart Hotel Bad Soden am Taunus","article_modified_time":"2020-10-05T17:09:01+00:00","twitter_card":"summary_large_image","twitter_misc":{"Est. reading time":"3 minutes"},"schema":{"@context":"https:\/\/schema.org","@graph":[{"@type":"WebPage","@id":"https:\/\/aparthotel-badsoden.de\/en\/fitters-accommodation\/","url":"https:\/\/aparthotel-badsoden.de\/en\/fitters-accommodation\/","name":"Deine Monteurunterkunft - Apart Hotel Bad Soden am Taunus","isPartOf":{"@id":"https:\/\/aparthotel-badsoden.de\/en\/#website"},"datePublished":"2020-10-05T17:09:00+00:00","dateModified":"2020-10-05T17:09:01+00:00","description":"Deine Monteurunterkunft im Rhein-Main-Gebiet mit kostenlosem W-LAN und Parkplatz sowie Fr\u00fchst\u00fcck ist inbegriffen. Du wirst dich wohlf\u00fchlen!","breadcrumb":{"@id":"https:\/\/aparthotel-badsoden.de\/en\/fitters-accommodation\/#breadcrumb"},"inLanguage":"en-US","potentialAction":[{"@type":"ReadAction","target":["https:\/\/aparthotel-badsoden.de\/en\/fitters-accommodation\/"]}]},{"@type":"BreadcrumbList","@id":"https:\/\/aparthotel-badsoden.de\/en\/fitters-accommodation\/#breadcrumb","itemListElement":[{"@type":"ListItem","position":1,"name":"Startseite","item":"https:\/\/aparthotel-badsoden.de\/en\/"},{"@type":"ListItem","position":2,"name":"Fitter&#8217;s accommodation"}]},{"@type":"WebSite","@id":"https:\/\/aparthotel-badsoden.de\/en\/#website","url":"https:\/\/aparthotel-badsoden.de\/en\/","name":"Apart Hotel Bad Soden am Taunus","description":"Eine weitere WordPress-Website","potentialAction":[{"@type":"SearchAction","target":{"@type":"EntryPoint","urlTemplate":"https:\/\/aparthotel-badsoden.de\/en\/?s={search_term_string}"},"query-input":{"@type":"PropertyValueSpecification","valueRequired":true,"valueName":"search_term_string"}}],"inLanguage":"en-US"}]}},"_links":{"self":[{"href":"https:\/\/aparthotel-badsoden.de\/en\/wp-json\/wp\/v2\/pages\/197","targetHints":{"allow":["GET"]}}],"collection":[{"href":"https:\/\/aparthotel-badsoden.de\/en\/wp-json\/wp\/v2\/pages"}],"about":[{"href":"https:\/\/aparthotel-badsoden.de\/en\/wp-json\/wp\/v2\/types\/page"}],"author":[{"embeddable":true,"href":"https:\/\/aparthotel-badsoden.de\/en\/wp-json\/wp\/v2\/users\/1"}],"replies":[{"embeddable":true,"href":"https:\/\/aparthotel-badsoden.de\/en\/wp-json\/wp\/v2\/comments?post=197"}],"version-history":[{"count":3,"href":"https:\/\/aparthotel-badsoden.de\/en\/wp-json\/wp\/v2\/pages\/197\/revisions"}],"predecessor-version":[{"id":227,"href":"https:\/\/aparthotel-badsoden.de\/en\/wp-json\/wp\/v2\/pages\/197\/revisions\/227"}],"wp:attachment":[{"href":"https:\/\/aparthotel-badsoden.de\/en\/wp-json\/wp\/v2\/media?parent=197"}],"curies":[{"name":"wp","href":"https:\/\/api.w.org\/{rel}","templated":true}]}}